{"id":199,"date":"2018-10-19T23:53:48","date_gmt":"2018-10-19T21:53:48","guid":{"rendered":"http:\/\/www.sekulin.at\/?page_id=199"},"modified":"2018-10-19T23:53:48","modified_gmt":"2018-10-19T21:53:48","slug":"metallbau","status":"publish","type":"page","link":"http:\/\/www.sekulin.at\/?page_id=199","title":{"rendered":"Metallbau"},"content":{"rendered":"<p>Sie suchen einen kompetenten Partner im Bereich Metallbau?<\/p>\n<p>Dann sind Sie bei uns &#8211; Metallbautechnik SEKULIN aus Wien &#8211; genau richtig.<br \/>\nWir erzeugen Gel\u00e4nder f\u00fcr Balkone, Treppen und Terrassen, \u00dcberdachungen und Vord\u00e4cher, Sichtschutz und Z\u00e4une, Toranlagen, sowie Carports und erf\u00fcllen Ihnen fast jeden Wunsch im Bereich Metallbau mit unseren Sonderkonstruktionen. Mit viel Erfahrung und gro\u00dfem Wissen eines Meisters werden Ihre Konstruktionen geplant und gebaut. Am Ende werden Sie erkennen, wie unsere Bauten Ihr Haus optisch aufwerten und Sie werden &#8211; dank der qualitativ hochwertig verarbeiteten Materialien &#8211; lange Freude daran haben.<\/p>\n<p><a href=\"http:\/\/www.sekulin.at\/wp-content\/uploads\/2015\/10\/tracer_design_draft.jpg\"><img  title=\"\" loading=\"lazy\" decoding=\"async\" class=\"size-medium wp-image-143 alignright\" src=\"http:\/\/www.sekulin.at\/wp-content\/uploads\/2015\/10\/tracer_design_draft-300x157.jpg\"  alt=\"tracer_design_draft-300x157 Metallbau\"  width=\"300\" height=\"157\" srcset=\"http:\/\/www.sekulin.at\/wp-content\/uploads\/2015\/10\/tracer_design_draft-300x157.jpg 300w, http:\/\/www.sekulin.at\/wp-content\/uploads\/2015\/10\/tracer_design_draft-600x314.jpg 600w, http:\/\/www.sekulin.at\/wp-content\/uploads\/2015\/10\/tracer_design_draft.jpg 650w\" sizes=\"auto, (max-width: 300px) 100vw, 300px\" \/><\/a>Bei der Firma Metallbautechnik SEKULIN erwarten Sie folgende Vorteile:<\/p>\n<p>kostenlose Beratung und Planung vor Ort<br \/>\nalles aus einer Hand: Beratung, Planung und Montage<br \/>\nsehr gutes Preis-Leistungs-Verh\u00e4ltnis<br \/>\nschnelle und termingerechte Lieferung<br \/>\ntop Qualit\u00e4t<br \/>\nkeine Anfahrtspauschalen oder KFZ Kosten um zu Ihnen zu kommen<br \/>\nTerminvereinbarungen auch am Wochenende m\u00f6glich<br \/>\nalle Angebote sind selbstverst\u00e4ndlich unverbindlich<br \/>\nkompetente und fachgerechte Beratung sowie individuelle Betreuung<\/p>\n","protected":false},"excerpt":{"rendered":"<p>Sie suchen einen kompetenten Partner im Bereich Metallbau? Dann sind Sie bei uns &#8211; Metallbautechnik SEKULIN aus Wien &#8211; genau richtig. Wir erzeugen Gel\u00e4nder f\u00fcr Balkone, Treppen und Terrassen, \u00dcberdachungen und Vord\u00e4cher, Sichtschutz und Z\u00e4une, Toranlagen, sowie Carports und erf\u00fcllen Ihnen fast jeden Wunsch im Bereich Metallbau mit unseren Sonderkonstruktionen. Mit viel Erfahrung und gro\u00dfem [&hellip;]<\/p>\n","protected":false},"author":1,"featured_media":0,"parent":0,"menu_order":0,"comment_status":"closed","ping_status":"closed","template":"","meta":{"om_disable_all_campaigns":false,"_monsterinsights_skip_tracking":false,"_monsterinsights_sitenote_active":false,"_monsterinsights_sitenote_note":"","_monsterinsights_sitenote_category":0,"footnotes":""},"class_list":["post-199","page","type-page","status-publish","hentry"],"aioseo_notices":[],"_links":{"self":[{"href":"http:\/\/www.sekulin.at\/index.php?rest_route=\/wp\/v2\/pages\/199","targetHints":{"allow":["GET"]}}],"collection":[{"href":"http:\/\/www.sekulin.at\/index.php?rest_route=\/wp\/v2\/pages"}],"about":[{"href":"http:\/\/www.sekulin.at\/index.php?rest_route=\/wp\/v2\/types\/page"}],"author":[{"embeddable":true,"href":"http:\/\/www.sekulin.at\/index.php?rest_route=\/wp\/v2\/users\/1"}],"replies":[{"embeddable":true,"href":"http:\/\/www.sekulin.at\/index.php?rest_route=%2Fwp%2Fv2%2Fcomments&post=199"}],"version-history":[{"count":1,"href":"http:\/\/www.sekulin.at\/index.php?rest_route=\/wp\/v2\/pages\/199\/revisions"}],"predecessor-version":[{"id":201,"href":"http:\/\/www.sekulin.at\/index.php?rest_route=\/wp\/v2\/pages\/199\/revisions\/201"}],"wp:attachment":[{"href":"http:\/\/www.sekulin.at\/index.php?rest_route=%2Fwp%2Fv2%2Fmedia&parent=199"}],"curies":[{"name":"wp","href":"https:\/\/api.w.org\/{rel}","templated":true}]}}