{"id":211,"date":"2018-10-20T00:15:15","date_gmt":"2018-10-19T22:15:15","guid":{"rendered":"http:\/\/www.sekulin.at\/?page_id=211"},"modified":"2018-10-20T00:15:15","modified_gmt":"2018-10-19T22:15:15","slug":"ueber-uns","status":"publish","type":"page","link":"http:\/\/www.sekulin.at\/?page_id=211","title":{"rendered":"\u00dcber uns"},"content":{"rendered":"<p>Bei uns bekommen Sie Qualit\u00e4t zu vern\u00fcnftigem Preis &#8211; fachgerechte Beratung ist nat\u00fcrlich inbegriffen!<\/p>\n<p>Das k\u00f6nnen wir Ihnen bieten:<a href=\"http:\/\/www.sekulin.at\/wp-content\/uploads\/2015\/10\/tracer_design_draft.jpg\"><img  title=\"\" loading=\"lazy\" decoding=\"async\" class=\"size-medium wp-image-143 alignright\" src=\"http:\/\/www.sekulin.at\/wp-content\/uploads\/2015\/10\/tracer_design_draft-300x157.jpg\"  alt=\"tracer_design_draft-300x157 \u00dcber uns\"  width=\"300\" height=\"157\" srcset=\"http:\/\/www.sekulin.at\/wp-content\/uploads\/2015\/10\/tracer_design_draft-300x157.jpg 300w, http:\/\/www.sekulin.at\/wp-content\/uploads\/2015\/10\/tracer_design_draft-600x314.jpg 600w, http:\/\/www.sekulin.at\/wp-content\/uploads\/2015\/10\/tracer_design_draft.jpg 650w\" sizes=\"auto, (max-width: 300px) 100vw, 300px\" \/><\/a><\/p>\n<ul>\n<li>Gel\u00e4nder<\/li>\n<li>Fenstergitter<\/li>\n<li>Z\u00e4une<\/li>\n<li>Carport<\/li>\n<li>Fahrradabstellpl\u00e4tze<\/li>\n<li>M\u00fcllplatzeinhausungen<\/li>\n<li>Vord\u00e4cher<\/li>\n<li>Tore<\/li>\n<li>Stahlkonstruktionen<\/li>\n<li>u.v.m.<\/li>\n<\/ul>\n<p>Ihnen fehlt noch etwas? Fragen Sie uns einfach!<\/p>\n<h2>Montage<\/h2>\n<p>Mit eigenen Montage \u2013 Teams sorgen wir f\u00fcr hohe Qualit\u00e4t bei Einbau von Fenster und T\u00fcren und auch bei Ausbau der alten Elemente.<\/p>\n<h2>Reparaturarbeiten<\/h2>\n<p>Hochwertige Arbeiten im Bereich Reparaturarbeiten: T\u00fcren, Fenster, Versicherungssch\u00e4den und Reparaturen jeder Art.<\/p>\n<h2>Bauschlosserarbeiten vom Fachmann<\/h2>\n<p>Zu unseren Stammkunden z\u00e4hlen vor allem Hausverwaltungen, Privatkundenund Gemeinden. Durch unseren pers\u00f6nlichen Kontakt vor Ort haben wir die M\u00f6glichkeit auf spezielle W\u00fcnsche flexibel einzugehen.Unser Meisterbetrieb bietet hier kosteng\u00fcnstige Anfertigungen bei Einzelst\u00fccken und Anfertigungen laut Kundenwunsch an.<\/p>\n","protected":false},"excerpt":{"rendered":"<p>Bei uns bekommen Sie Qualit\u00e4t zu vern\u00fcnftigem Preis &#8211; fachgerechte Beratung ist nat\u00fcrlich inbegriffen! Das k\u00f6nnen wir Ihnen bieten: Gel\u00e4nder Fenstergitter Z\u00e4une Carport Fahrradabstellpl\u00e4tze M\u00fcllplatzeinhausungen Vord\u00e4cher Tore Stahlkonstruktionen u.v.m. Ihnen fehlt noch etwas? Fragen Sie uns einfach! Montage Mit eigenen Montage \u2013 Teams sorgen wir f\u00fcr hohe Qualit\u00e4t bei Einbau von Fenster und T\u00fcren und [&hellip;]<\/p>\n","protected":false},"author":1,"featured_media":0,"parent":0,"menu_order":0,"comment_status":"closed","ping_status":"closed","template":"","meta":{"om_disable_all_campaigns":false,"_monsterinsights_skip_tracking":false,"_monsterinsights_sitenote_active":false,"_monsterinsights_sitenote_note":"","_monsterinsights_sitenote_category":0,"footnotes":""},"class_list":["post-211","page","type-page","status-publish","hentry"],"aioseo_notices":[],"_links":{"self":[{"href":"http:\/\/www.sekulin.at\/index.php?rest_route=\/wp\/v2\/pages\/211","targetHints":{"allow":["GET"]}}],"collection":[{"href":"http:\/\/www.sekulin.at\/index.php?rest_route=\/wp\/v2\/pages"}],"about":[{"href":"http:\/\/www.sekulin.at\/index.php?rest_route=\/wp\/v2\/types\/page"}],"author":[{"embeddable":true,"href":"http:\/\/www.sekulin.at\/index.php?rest_route=\/wp\/v2\/users\/1"}],"replies":[{"embeddable":true,"href":"http:\/\/www.sekulin.at\/index.php?rest_route=%2Fwp%2Fv2%2Fcomments&post=211"}],"version-history":[{"count":2,"href":"http:\/\/www.sekulin.at\/index.php?rest_route=\/wp\/v2\/pages\/211\/revisions"}],"predecessor-version":[{"id":232,"href":"http:\/\/www.sekulin.at\/index.php?rest_route=\/wp\/v2\/pages\/211\/revisions\/232"}],"wp:attachment":[{"href":"http:\/\/www.sekulin.at\/index.php?rest_route=%2Fwp%2Fv2%2Fmedia&parent=211"}],"curies":[{"name":"wp","href":"https:\/\/api.w.org\/{rel}","templated":true}]}}