{"id":52,"date":"2015-10-15T10:22:26","date_gmt":"2015-10-15T08:22:26","guid":{"rendered":"http:\/\/www.sekulin.at\/?page_id=52"},"modified":"2018-10-20T00:47:16","modified_gmt":"2018-10-19T22:47:16","slug":"contact","status":"publish","type":"page","link":"http:\/\/www.sekulin.at\/?page_id=52","title":{"rendered":"Contact"},"content":{"rendered":"<div class=\"WordSection1\">\n<h4><span style=\"font-family: Arial;\">Inhaber und Redaktion:<\/span><\/h4>\n<h4><span style=\"font-family: Arial;\">Sekulin Sinisa<br \/>\nDittmanngasse 5a\/11<br \/>\n1110 Wien<br \/>\n<\/span><\/h4>\n<h4><span style=\"font-family: Arial;\">Tel.: +43676879615776<br \/>\n<a class=\"moz-txt-link-abbreviated\" href=\"mailto:office@sekulin.at\">office@sekulin.at<\/a><\/span><\/h4>\n<h4>UID: ATU69770839<\/h4>\n<\/div>\n<p><strong>Haftung<\/strong><\/p>\n<p>Trotz sorgf\u00e4ltiger inhaltlicher Kontrolle \u00fcbernehmen wir keine Haftung f\u00fcr die Inhalte externer Links. F\u00fcr den Inhalt der verlinkten Seiten sind ausschlie\u00dflich deren Betreiber verantwortlich.<\/p>\n<p>Wir bem\u00fchen uns, diese Website stets aktuell und inhaltlich richtig sowie vollst\u00e4ndig anzubieten. Dennoch ist das Auftreten von Fehlern nicht v\u00f6llig auszuschlie\u00dfen. Wir \u00fcbernehmen keine Haftung f\u00fcr die Aktualit\u00e4t, die inhaltliche Richtigkeit sowie f\u00fcr die Vollst\u00e4ndigkeit der auf dieser Website vorhandenen Informationen.<\/p>\n<p>F\u00fcr eventuelle Sch\u00e4den materieller oder ideeller Art Dritter, die durch die Nutzung dieses Webangebotes verursacht wurden, \u00fcbernehmen wir ausdr\u00fccklich keine Haftung.<\/p>\n","protected":false},"excerpt":{"rendered":"<p>Inhaber und Redaktion: Sekulin Sinisa Dittmanngasse 5a\/11 1110 Wien Tel.: +43676879615776 office@sekulin.at UID: ATU69770839 Haftung Trotz sorgf\u00e4ltiger inhaltlicher Kontrolle \u00fcbernehmen wir keine Haftung f\u00fcr die Inhalte externer Links. F\u00fcr den Inhalt der verlinkten Seiten sind ausschlie\u00dflich deren Betreiber verantwortlich. Wir bem\u00fchen uns, diese Website stets aktuell und inhaltlich richtig sowie vollst\u00e4ndig anzubieten. Dennoch ist das [&hellip;]<\/p>\n","protected":false},"author":1,"featured_media":0,"parent":0,"menu_order":0,"comment_status":"closed","ping_status":"closed","template":"","meta":{"om_disable_all_campaigns":false,"_monsterinsights_skip_tracking":false,"_monsterinsights_sitenote_active":false,"_monsterinsights_sitenote_note":"","_monsterinsights_sitenote_category":0,"footnotes":""},"class_list":["post-52","page","type-page","status-publish","hentry"],"aioseo_notices":[],"_links":{"self":[{"href":"http:\/\/www.sekulin.at\/index.php?rest_route=\/wp\/v2\/pages\/52","targetHints":{"allow":["GET"]}}],"collection":[{"href":"http:\/\/www.sekulin.at\/index.php?rest_route=\/wp\/v2\/pages"}],"about":[{"href":"http:\/\/www.sekulin.at\/index.php?rest_route=\/wp\/v2\/types\/page"}],"author":[{"embeddable":true,"href":"http:\/\/www.sekulin.at\/index.php?rest_route=\/wp\/v2\/users\/1"}],"replies":[{"embeddable":true,"href":"http:\/\/www.sekulin.at\/index.php?rest_route=%2Fwp%2Fv2%2Fcomments&post=52"}],"version-history":[{"count":13,"href":"http:\/\/www.sekulin.at\/index.php?rest_route=\/wp\/v2\/pages\/52\/revisions"}],"predecessor-version":[{"id":222,"href":"http:\/\/www.sekulin.at\/index.php?rest_route=\/wp\/v2\/pages\/52\/revisions\/222"}],"wp:attachment":[{"href":"http:\/\/www.sekulin.at\/index.php?rest_route=%2Fwp%2Fv2%2Fmedia&parent=52"}],"curies":[{"name":"wp","href":"https:\/\/api.w.org\/{rel}","templated":true}]}}