{"id":45,"date":"2015-10-15T01:02:18","date_gmt":"2015-10-14T23:02:18","guid":{"rendered":"http:\/\/www.sekulin.at\/?page_id=45"},"modified":"2022-02-21T13:12:00","modified_gmt":"2022-02-21T12:12:00","slug":"home-2","status":"publish","type":"page","link":"https:\/\/www.sekulin.at\/","title":{"rendered":"Metallbau"},"content":{"rendered":"<p><strong>Metallbau bei der Firma SEKULIN<\/strong><\/p>\n<p>Sie suchen einen kompetenten Partner im Bereich Metallbau?<\/p>\n<p>Dann sind Sie bei uns &#8211; Metallbau SEKULIN aus Wien &#8211; genau richtig.<\/p>\n<p>Wir erzeugen Gel\u00e4nder f\u00fcr Balkone, Treppen und Terrassen, \u00dcberdachungen und Vord\u00e4cher, Sichtschutz und Z\u00e4une, Toranlagen\u00a0sowie Carports und erf\u00fcllen Ihnen fast jeden Wunsch im Bereich Metallbau mit unseren Sonderkonstruktionen.<br \/>\nMit viel Erfahrung und gro\u00dfem Wissen eines Meisters werden Ihre Konstruktionen geplant und gebaut. Am Ende werden Sie erkennen wie unsere Bauten Ihr Haus optisch aufwerten und Sie werden &#8211; dank der qualitativ hochwertig verarbeiteten<\/p>\n<p>M<a href=\"http:\/\/www.sekulin.at\/wp-content\/uploads\/2015\/10\/images-1.jpg\"><img  title=\"\" loading=\"lazy\" decoding=\"async\" class=\"size-full wp-image-136 alignleft\" src=\"http:\/\/www.sekulin.at\/wp-content\/uploads\/2015\/10\/images-1.jpg\"  alt=\"images-1 Metallbau\"  width=\"228\" height=\"180\" \/><\/a>aterialien &#8211; lange Freude daran haben.<\/p>\n<p>Bei der Firma Metallbau SEKULIN erwarten Sie folgende Vorteile:<\/p>\n<ul>\n<li>kostenlose Beratung und Planung vor Ort<br \/>\nalles aus einer Hand: Beratung, Planung und Montage<\/li>\n<li>sehr gutes Preis-Leistungs-Verh\u00e4ltnis<\/li>\n<li>schnelle und termingerechte Lieferung<\/li>\n<li>top Qualit\u00e4t<\/li>\n<li>keine Anfahrtspauschalen oder KFZ Kosten um zu Ihnen zu kommen<\/li>\n<li>Terminvereinbarungen auch am Wochenende m\u00f6glich<\/li>\n<li>alle Angebote sind selbstverst\u00e4ndlich unverbindlich<\/li>\n<li>kompetente und fachgerechte Beratung sowie individuelle Betreuung<\/li>\n<\/ul>\n<p>Wir freuen uns auf Ihren Auftrag!<\/p>\n","protected":false},"excerpt":{"rendered":"<p>Metallbau bei der Firma SEKULIN Sie suchen einen kompetenten Partner im Bereich Metallbau? Dann sind Sie bei uns &#8211; Metallbau SEKULIN aus Wien &#8211; genau richtig. Wir erzeugen Gel\u00e4nder f\u00fcr Balkone, Treppen und Terrassen, \u00dcberdachungen und Vord\u00e4cher, Sichtschutz und Z\u00e4une, Toranlagen\u00a0sowie Carports und erf\u00fcllen Ihnen fast jeden Wunsch im Bereich Metallbau mit unseren Sonderkonstruktionen. Mit [&hellip;]<\/p>\n","protected":false},"author":1,"featured_media":101,"parent":0,"menu_order":0,"comment_status":"closed","ping_status":"closed","template":"","meta":{"om_disable_all_campaigns":false,"_monsterinsights_skip_tracking":false,"_monsterinsights_sitenote_active":false,"_monsterinsights_sitenote_note":"","_monsterinsights_sitenote_category":0,"footnotes":""},"class_list":["post-45","page","type-page","status-publish","has-post-thumbnail","hentry"],"aioseo_notices":[],"_links":{"self":[{"href":"https:\/\/www.sekulin.at\/index.php?rest_route=\/wp\/v2\/pages\/45","targetHints":{"allow":["GET"]}}],"collection":[{"href":"https:\/\/www.sekulin.at\/index.php?rest_route=\/wp\/v2\/pages"}],"about":[{"href":"https:\/\/www.sekulin.at\/index.php?rest_route=\/wp\/v2\/types\/page"}],"author":[{"embeddable":true,"href":"https:\/\/www.sekulin.at\/index.php?rest_route=\/wp\/v2\/users\/1"}],"replies":[{"embeddable":true,"href":"https:\/\/www.sekulin.at\/index.php?rest_route=%2Fwp%2Fv2%2Fcomments&post=45"}],"version-history":[{"count":13,"href":"https:\/\/www.sekulin.at\/index.php?rest_route=\/wp\/v2\/pages\/45\/revisions"}],"predecessor-version":[{"id":339,"href":"https:\/\/www.sekulin.at\/index.php?rest_route=\/wp\/v2\/pages\/45\/revisions\/339"}],"wp:featuredmedia":[{"embeddable":true,"href":"https:\/\/www.sekulin.at\/index.php?rest_route=\/wp\/v2\/media\/101"}],"wp:attachment":[{"href":"https:\/\/www.sekulin.at\/index.php?rest_route=%2Fwp%2Fv2%2Fmedia&parent=45"}],"curies":[{"name":"wp","href":"https:\/\/api.w.org\/{rel}","templated":true}]}}